{"id":105,"date":"2019-03-14T07:54:01","date_gmt":"2019-03-14T07:54:01","guid":{"rendered":"http:\/\/www.gabinetkosmetycznyasia.kostrzyn.pl\/?page_id=105"},"modified":"2020-01-31T10:10:16","modified_gmt":"2020-01-31T10:10:16","slug":"landing","status":"publish","type":"page","link":"https:\/\/www.gabinetkosmetycznyasia.kostrzyn.pl\/?page_id=105","title":{"rendered":"Galeria"},"content":{"rendered":"<p>[et_pb_section fb_built=&#8221;1&#8243; padding_top_bottom_link_1=&#8221;false&#8221; padding_top_1=&#8221;10%&#8221; padding_1_last_edited=&#8221;off|desktop&#8221; admin_label=&#8221;Header Section&#8221; _builder_version=&#8221;3.27.4&#8243; use_background_color_gradient=&#8221;on&#8221; background_color_gradient_start=&#8221;#e2e2ea&#8221; background_color_gradient_end=&#8221;rgba(226,226,234,0)&#8221; background_color_gradient_direction=&#8221;90deg&#8221; background_color_gradient_start_position=&#8221;20%&#8221; background_color_gradient_overlays_image=&#8221;on&#8221; background_image=&#8221;https:\/\/www.gabinetkosmetycznyasia.kostrzyn.pl\/wp-content\/uploads\/2019\/09\/6.jpg&#8221; background_position=&#8221;bottom_center&#8221; background_blend=&#8221;screen&#8221; custom_margin=&#8221;||-200px|&#8221; custom_padding=&#8221;6%|0px|323px|0px|false|false&#8221; fb_built=&#8221;1&#8243; _i=&#8221;0&#8243; _address=&#8221;0&#8243;][et_pb_row column_structure=&#8221;1_2,1_2&#8243; _builder_version=&#8221;3.25&#8243; _i=&#8221;0&#8243; _address=&#8221;0.0&#8243;][et_pb_column type=&#8221;1_2&#8243; _builder_version=&#8221;3.25&#8243; custom_padding=&#8221;|||&#8221; _i=&#8221;0&#8243; _address=&#8221;0.0.0&#8243; custom_padding__hover=&#8221;|||&#8221;][et_pb_text _builder_version=&#8221;3.27.4&#8243; text_font=&#8221;Open Sans||||||||&#8221; text_font_size=&#8221;16px&#8221; text_line_height=&#8221;2em&#8221; header_font=&#8221;Playfair Display SC||||||||&#8221; header_font_size=&#8221;50px&#8221; header_line_height=&#8221;1.5em&#8221; header_6_font=&#8221;||||||||&#8221; max_width_last_edited=&#8221;off|desktop&#8221; module_alignment=&#8221;center&#8221; text_font_size_phone=&#8221;14px&#8221; text_font_size_last_edited=&#8221;on|desktop&#8221; header_font_size_tablet=&#8221;50px&#8221; header_font_size_phone=&#8221;32px&#8221; header_font_size_last_edited=&#8221;on|phone&#8221; _i=&#8221;0&#8243; _address=&#8221;0.0.0.0&#8243;]<\/p>\n<h1>Galeria<\/h1>\n<p>Tak wygl\u0105da nasz salon, a tak\u017ce praca w nim.<\/p>\n<p>[\/et_pb_text][\/et_pb_column][et_pb_column type=&#8221;1_2&#8243; _builder_version=&#8221;3.25&#8243; custom_padding=&#8221;|||&#8221; _i=&#8221;1&#8243; _address=&#8221;0.0.1&#8243; custom_padding__hover=&#8221;|||&#8221;][\/et_pb_column][\/et_pb_row][\/et_pb_section][et_pb_section fb_built=&#8221;1&#8243; admin_label=&#8221;Gallery&#8221; _builder_version=&#8221;3.22&#8243; custom_padding=&#8221;10px|0px|54px|0px|false|false&#8221; fb_built=&#8221;1&#8243; _i=&#8221;1&#8243; _address=&#8221;1&#8243;][et_pb_row column_structure=&#8221;1_3,1_3,1_3&#8243; use_custom_gutter=&#8221;on&#8221; gutter_width=&#8221;2&#8243; _builder_version=&#8221;3.25&#8243; use_custom_width=&#8221;on&#8221; _i=&#8221;0&#8243; _address=&#8221;1.0&#8243;][et_pb_column type=&#8221;1_3&#8243; _builder_version=&#8221;3.25&#8243; custom_padding=&#8221;|||&#8221; _i=&#8221;0&#8243; _address=&#8221;1.0.0&#8243; custom_padding__hover=&#8221;|||&#8221;][et_pb_image src=&#8221;https:\/\/www.gabinetkosmetycznyasia.kostrzyn.pl\/wp-content\/uploads\/2019\/09\/17.jpg&#8221; align_tablet=&#8221;center&#8221; align_last_edited=&#8221;on|desktop&#8221; _builder_version=&#8221;3.27.4&#8243; _i=&#8221;0&#8243; _address=&#8221;1.0.0.0&#8243;][\/et_pb_image][et_pb_image src=&#8221;https:\/\/www.gabinetkosmetycznyasia.kostrzyn.pl\/wp-content\/uploads\/2019\/09\/15.jpg&#8221; align_tablet=&#8221;center&#8221; align_last_edited=&#8221;on|desktop&#8221; _builder_version=&#8221;3.27.4&#8243; locked=&#8221;off&#8221; _i=&#8221;1&#8243; _address=&#8221;1.0.0.1&#8243;][\/et_pb_image][et_pb_image src=&#8221;https:\/\/www.gabinetkosmetycznyasia.kostrzyn.pl\/wp-content\/uploads\/2019\/09\/1.jpg&#8221; align_tablet=&#8221;center&#8221; align_last_edited=&#8221;on|desktop&#8221; _builder_version=&#8221;3.27.4&#8243; locked=&#8221;off&#8221; _i=&#8221;2&#8243; _address=&#8221;1.0.0.2&#8243;][\/et_pb_image][et_pb_image src=&#8221;https:\/\/www.gabinetkosmetycznyasia.kostrzyn.pl\/wp-content\/uploads\/2019\/09\/20.jpg&#8221; align_tablet=&#8221;center&#8221; align_last_edited=&#8221;on|desktop&#8221; _builder_version=&#8221;3.27.4&#8243; locked=&#8221;off&#8221; _i=&#8221;3&#8243; _address=&#8221;1.0.0.3&#8243;][\/et_pb_image][et_pb_image src=&#8221;https:\/\/www.gabinetkosmetycznyasia.kostrzyn.pl\/wp-content\/uploads\/2019\/09\/19.jpg&#8221; align_tablet=&#8221;center&#8221; align_last_edited=&#8221;on|desktop&#8221; _builder_version=&#8221;3.27.4&#8243; locked=&#8221;off&#8221; _i=&#8221;4&#8243; _address=&#8221;1.0.0.4&#8243;][\/et_pb_image][\/et_pb_column][et_pb_column type=&#8221;1_3&#8243; _builder_version=&#8221;3.25&#8243; custom_padding=&#8221;|||&#8221; _i=&#8221;1&#8243; _address=&#8221;1.0.1&#8243; custom_padding__hover=&#8221;|||&#8221;][et_pb_image src=&#8221;https:\/\/www.gabinetkosmetycznyasia.kostrzyn.pl\/wp-content\/uploads\/2019\/09\/10.jpg&#8221; align_tablet=&#8221;center&#8221; align_last_edited=&#8221;on|desktop&#8221; _builder_version=&#8221;3.27.4&#8243; locked=&#8221;off&#8221; _i=&#8221;0&#8243; _address=&#8221;1.0.1.0&#8243;][\/et_pb_image][et_pb_image src=&#8221;https:\/\/www.gabinetkosmetycznyasia.kostrzyn.pl\/wp-content\/uploads\/2019\/09\/16.jpg&#8221; align_tablet=&#8221;center&#8221; align_last_edited=&#8221;on|desktop&#8221; _builder_version=&#8221;3.27.4&#8243; _i=&#8221;1&#8243; _address=&#8221;1.0.1.1&#8243;][\/et_pb_image][et_pb_image src=&#8221;https:\/\/www.gabinetkosmetycznyasia.kostrzyn.pl\/wp-content\/uploads\/2019\/09\/14.jpg&#8221; align_tablet=&#8221;center&#8221; align_last_edited=&#8221;on|desktop&#8221; _builder_version=&#8221;3.27.4&#8243; _i=&#8221;2&#8243; _address=&#8221;1.0.1.2&#8243;][\/et_pb_image][et_pb_image src=&#8221;https:\/\/www.gabinetkosmetycznyasia.kostrzyn.pl\/wp-content\/uploads\/2019\/09\/22.jpg&#8221; align_tablet=&#8221;center&#8221; align_last_edited=&#8221;on|desktop&#8221; _builder_version=&#8221;3.27.4&#8243; locked=&#8221;off&#8221; _i=&#8221;3&#8243; _address=&#8221;1.0.1.3&#8243;][\/et_pb_image][et_pb_image src=&#8221;https:\/\/www.gabinetkosmetycznyasia.kostrzyn.pl\/wp-content\/uploads\/2019\/09\/13.jpg&#8221; align_tablet=&#8221;center&#8221; align_last_edited=&#8221;on|desktop&#8221; _builder_version=&#8221;3.27.4&#8243; locked=&#8221;off&#8221; _i=&#8221;4&#8243; _address=&#8221;1.0.1.4&#8243;][\/et_pb_image][\/et_pb_column][et_pb_column type=&#8221;1_3&#8243; _builder_version=&#8221;3.25&#8243; custom_padding=&#8221;|||&#8221; _i=&#8221;2&#8243; _address=&#8221;1.0.2&#8243; custom_padding__hover=&#8221;|||&#8221;][et_pb_image src=&#8221;https:\/\/www.gabinetkosmetycznyasia.kostrzyn.pl\/wp-content\/uploads\/2019\/09\/5.jpg&#8221; align_tablet=&#8221;center&#8221; align_last_edited=&#8221;on|desktop&#8221; _builder_version=&#8221;3.27.4&#8243; locked=&#8221;off&#8221; _i=&#8221;0&#8243; _address=&#8221;1.0.2.0&#8243;][\/et_pb_image][et_pb_image src=&#8221;https:\/\/www.gabinetkosmetycznyasia.kostrzyn.pl\/wp-content\/uploads\/2019\/09\/11.jpg&#8221; align_tablet=&#8221;center&#8221; align_last_edited=&#8221;on|desktop&#8221; _builder_version=&#8221;3.27.4&#8243; _i=&#8221;1&#8243; _address=&#8221;1.0.2.1&#8243;][\/et_pb_image][et_pb_image src=&#8221;https:\/\/www.gabinetkosmetycznyasia.kostrzyn.pl\/wp-content\/uploads\/2019\/04\/asia-home.jpg&#8221; align_tablet=&#8221;center&#8221; align_last_edited=&#8221;on|desktop&#8221; _builder_version=&#8221;3.27.4&#8243; _i=&#8221;2&#8243; _address=&#8221;1.0.2.2&#8243;][\/et_pb_image][et_pb_image src=&#8221;https:\/\/www.gabinetkosmetycznyasia.kostrzyn.pl\/wp-content\/uploads\/2019\/09\/3.jpg&#8221; align_tablet=&#8221;center&#8221; align_last_edited=&#8221;on|desktop&#8221; _builder_version=&#8221;3.27.4&#8243; locked=&#8221;off&#8221; _i=&#8221;3&#8243; _address=&#8221;1.0.2.3&#8243;][\/et_pb_image][\/et_pb_column][\/et_pb_row][\/et_pb_section][et_pb_section fb_built=&#8221;1&#8243; admin_label=&#8221;Newsletter&#8221; _builder_version=&#8221;3.22&#8243; background_color_gradient_direction=&#8221;90deg&#8221; custom_margin=&#8221;60px|||&#8221; custom_margin_tablet=&#8221;0px|||&#8221; custom_margin_last_edited=&#8221;on|tablet&#8221; custom_padding=&#8221;0px|0px|0|0px|false|false&#8221; box_shadow_style=&#8221;preset7&#8243; box_shadow_horizontal=&#8221;1240px&#8221; box_shadow_vertical=&#8221;0px&#8221; box_shadow_color=&#8221;#e4edea&#8221; fb_built=&#8221;1&#8243; _i=&#8221;2&#8243; _address=&#8221;2&#8243;][et_pb_row column_structure=&#8221;1_2,1_2&#8243; _builder_version=&#8221;3.25&#8243; custom_padding=&#8221;10px|0px|0px|0px|false|false&#8221; _i=&#8221;0&#8243; _address=&#8221;2.0&#8243;][et_pb_column type=&#8221;1_2&#8243; _builder_version=&#8221;3.25&#8243; custom_padding=&#8221;|||&#8221; custom_padding_tablet=&#8221;|40px||&#8221; custom_padding_phone=&#8221;|||&#8221; custom_padding_last_edited=&#8221;on|desktop&#8221; _i=&#8221;0&#8243; _address=&#8221;2.0.0&#8243; custom_padding__hover=&#8221;|||&#8221;][et_pb_text _builder_version=&#8221;3.27.4&#8243; header_font=&#8221;Playfair Display SC||||||||&#8221; header_font_size=&#8221;45px&#8221; header_2_font=&#8221;Playfair Display SC||||||||&#8221; header_3_font=&#8221;||||||||&#8221; _i=&#8221;0&#8243; _address=&#8221;2.0.0.0&#8243;]<\/p>\n<h1>Zadzwo\u0144<\/h1>\n<p>Najszybszy i naj\u0142atwiejszy spos\u00f3b, aby si\u0119 z nami skontaktowa\u0107.<\/p>\n<h2><\/h2>\n<h1><a href=\"tel:0048510638470\"><strong>510-638-470<\/strong><\/a><\/h1>\n<p>[\/et_pb_text][\/et_pb_column][et_pb_column type=&#8221;1_2&#8243; _builder_version=&#8221;3.25&#8243; custom_padding=&#8221;|||&#8221; _i=&#8221;1&#8243; _address=&#8221;2.0.1&#8243; custom_padding__hover=&#8221;|||&#8221;][et_pb_image src=&#8221;https:\/\/www.gabinetkosmetycznyasia.kostrzyn.pl\/wp-content\/uploads\/2019\/09\/69830226_725534851251839_8212181918985224192_n.jpg&#8221; align_tablet=&#8221;center&#8221; align_last_edited=&#8221;on|desktop&#8221; _builder_version=&#8221;3.27.4&#8243; custom_margin=&#8221;-130px|-20%||&#8221; custom_margin_tablet=&#8221;0px|30%||&#8221; custom_margin_last_edited=&#8221;on|phone&#8221; _i=&#8221;0&#8243; _address=&#8221;2.0.1.0&#8243;][\/et_pb_image][\/et_pb_column][\/et_pb_row][\/et_pb_section][et_pb_section fb_built=&#8221;1&#8243; admin_label=&#8221;Footer&#8221; _builder_version=&#8221;3.22&#8243; background_color=&#8221;#1f1f1f&#8221; saved_tabs=&#8221;all&#8221; fb_built=&#8221;1&#8243; _i=&#8221;0&#8243; _address=&#8221;0&#8243;][et_pb_row column_structure=&#8221;1_4,1_4,1_2&#8243; _builder_version=&#8221;3.25&#8243; _i=&#8221;0&#8243; _address=&#8221;0.0&#8243;][et_pb_column type=&#8221;1_4&#8243; _builder_version=&#8221;3.25&#8243; custom_padding=&#8221;|||&#8221; _i=&#8221;0&#8243; _address=&#8221;0.0.0&#8243; custom_padding__hover=&#8221;|||&#8221;][et_pb_text _builder_version=&#8221;3.27.4&#8243; text_font=&#8221;||||||||&#8221; link_font=&#8221;Open Sans|600|||||||&#8221; link_text_color=&#8221;#8d8181&#8243; link_font_size=&#8221;16px&#8221; link_line_height=&#8221;2em&#8221; header_font=&#8221;||||||||&#8221; header_2_font=&#8221;||||||||&#8221; header_3_font=&#8221;||||||||&#8221; header_4_font=&#8221;Playfair Display SC||||||||&#8221; header_4_font_size=&#8221;20px&#8221; header_4_line_height=&#8221;1.5em&#8221; background_layout=&#8221;dark&#8221; custom_margin=&#8221;|||&#8221; _i=&#8221;0&#8243; _address=&#8221;0.0.0.0&#8243;]<\/p>\n<h4>Pozosta\u0144my w kontakcie<\/h4>\n<p><a href=\"tel:0048510638470\">510-638-470<br \/> <\/a><a href=\"mailto:info@gabinetkosmetycznyasia.kostrzyn.pl\">info@gabinetkosmetycznyasia.kostrzyn.pl<\/a><\/p>\n<p>[\/et_pb_text][\/et_pb_column][et_pb_column type=&#8221;1_4&#8243; _builder_version=&#8221;3.25&#8243; custom_padding=&#8221;|||&#8221; _i=&#8221;1&#8243; _address=&#8221;0.0.1&#8243; custom_padding__hover=&#8221;|||&#8221;][et_pb_text _builder_version=&#8221;3.29.3&#8243; text_font=&#8221;||||||||&#8221; link_font=&#8221;Open Sans|600|||||||&#8221; link_text_color=&#8221;#8d8181&#8243; link_font_size=&#8221;16px&#8221; link_line_height=&#8221;2em&#8221; header_font=&#8221;||||||||&#8221; header_2_font=&#8221;||||||||&#8221; header_3_font=&#8221;||||||||&#8221; header_4_font=&#8221;Playfair Display SC||||||||&#8221; header_4_font_size=&#8221;20px&#8221; header_4_line_height=&#8221;1.5em&#8221; background_layout=&#8221;dark&#8221; custom_margin=&#8221;|||&#8221; _i=&#8221;0&#8243; _address=&#8221;0.0.1.0&#8243;]<\/p>\n<h4>Zajd\u017a do nas<\/h4>\n<p>Jana Paw\u0142a II 62b<br \/>Kostrzyn nad Odr\u0105 66-470<\/p>\n<p>[\/et_pb_text][\/et_pb_column][et_pb_column type=&#8221;1_2&#8243; _builder_version=&#8221;3.25&#8243; custom_padding=&#8221;|||&#8221; _i=&#8221;2&#8243; _address=&#8221;0.0.2&#8243; custom_padding__hover=&#8221;|||&#8221;][et_pb_text _builder_version=&#8221;3.29.3&#8243; text_font=&#8221;||||||||&#8221; link_font=&#8221;Open Sans|600|||||||&#8221; link_text_color=&#8221;#8d8181&#8243; link_font_size=&#8221;16px&#8221; link_line_height=&#8221;2em&#8221; header_font=&#8221;||||||||&#8221; header_2_font=&#8221;||||||||&#8221; header_3_font=&#8221;||||||||&#8221; header_4_font=&#8221;Playfair Display SC||||||||&#8221; header_4_font_size=&#8221;20px&#8221; header_4_line_height=&#8221;1.5em&#8221; background_layout=&#8221;dark&#8221; custom_margin=&#8221;|||&#8221; link_option_url=&#8221;mailto:info@gabinetkosmetycznyasia.kostrzyn.pl&#8221; _i=&#8221;0&#8243; _address=&#8221;0.0.2.0&#8243;]<\/p>\n<h4>Wy\u015blij wiadomo\u015b\u0107 email<\/h4>\n<p>info@gabinetkosmetycznyasia.kostrzyn.pl<\/p>\n<p>[\/et_pb_text][\/et_pb_column][\/et_pb_row][\/et_pb_section]<\/p>\n","protected":false},"excerpt":{"rendered":"<p>Galeria Tak wygl\u0105da nasz salon, a tak\u017ce praca w nim.Zadzwo\u0144 Najszybszy i naj\u0142atwiejszy spos\u00f3b, aby si\u0119 z nami skontaktowa\u0107. 510-638-470Pozosta\u0144my w kontakcie 510-638-470 info@gabinetkosmetycznyasia.kostrzyn.plZajd\u017a do nas Jana Paw\u0142a II 62bKostrzyn nad Odr\u0105 66-470Wy\u015blij wiadomo\u015b\u0107 email info@gabinetkosmetycznyasia.kostrzyn.pl<\/p>\n","protected":false},"author":1,"featured_media":0,"parent":0,"menu_order":0,"comment_status":"closed","ping_status":"closed","template":"","meta":{"_et_pb_use_builder":"on","_et_pb_old_content":"","_et_gb_content_width":"","footnotes":""},"class_list":["post-105","page","type-page","status-publish","hentry"],"_links":{"self":[{"href":"https:\/\/www.gabinetkosmetycznyasia.kostrzyn.pl\/index.php?rest_route=\/wp\/v2\/pages\/105","targetHints":{"allow":["GET"]}}],"collection":[{"href":"https:\/\/www.gabinetkosmetycznyasia.kostrzyn.pl\/index.php?rest_route=\/wp\/v2\/pages"}],"about":[{"href":"https:\/\/www.gabinetkosmetycznyasia.kostrzyn.pl\/index.php?rest_route=\/wp\/v2\/types\/page"}],"author":[{"embeddable":true,"href":"https:\/\/www.gabinetkosmetycznyasia.kostrzyn.pl\/index.php?rest_route=\/wp\/v2\/users\/1"}],"replies":[{"embeddable":true,"href":"https:\/\/www.gabinetkosmetycznyasia.kostrzyn.pl\/index.php?rest_route=%2Fwp%2Fv2%2Fcomments&post=105"}],"version-history":[{"count":15,"href":"https:\/\/www.gabinetkosmetycznyasia.kostrzyn.pl\/index.php?rest_route=\/wp\/v2\/pages\/105\/revisions"}],"predecessor-version":[{"id":465,"href":"https:\/\/www.gabinetkosmetycznyasia.kostrzyn.pl\/index.php?rest_route=\/wp\/v2\/pages\/105\/revisions\/465"}],"wp:attachment":[{"href":"https:\/\/www.gabinetkosmetycznyasia.kostrzyn.pl\/index.php?rest_route=%2Fwp%2Fv2%2Fmedia&parent=105"}],"curies":[{"name":"wp","href":"https:\/\/api.w.org\/{rel}","templated":true}]}}