{"id":101,"date":"2019-03-14T07:53:07","date_gmt":"2019-03-14T07:53:07","guid":{"rendered":"http:\/\/www.gabinetkosmetycznyasia.kostrzyn.pl\/?page_id=101"},"modified":"2020-01-31T10:09:31","modified_gmt":"2020-01-31T10:09:31","slug":"contact","status":"publish","type":"page","link":"https:\/\/www.gabinetkosmetycznyasia.kostrzyn.pl\/?page_id=101","title":{"rendered":"Kontakt"},"content":{"rendered":"<p>[et_pb_section fb_built=&#8221;1&#8243; admin_label=&#8221;Header&#8221; _builder_version=&#8221;3.27.4&#8243; use_background_color_gradient=&#8221;on&#8221; background_color_gradient_start=&#8221;rgba(255,255,255,0)&#8221; background_color_gradient_end=&#8221;#ffffff&#8221; background_color_gradient_start_position=&#8221;50%&#8221; background_color_gradient_overlays_image=&#8221;on&#8221; background_image=&#8221;https:\/\/www.gabinetkosmetycznyasia.kostrzyn.pl\/wp-content\/uploads\/2019\/09\/1.jpg&#8221; custom_padding=&#8221;6%|0px|71px|0px|false|false&#8221; locked=&#8221;off&#8221; fb_built=&#8221;1&#8243; _i=&#8221;0&#8243; _address=&#8221;0&#8243;][et_pb_row _builder_version=&#8221;3.25&#8243; _i=&#8221;0&#8243; _address=&#8221;0.0&#8243;][et_pb_column type=&#8221;4_4&#8243; _builder_version=&#8221;3.25&#8243; custom_padding=&#8221;|||&#8221; _i=&#8221;0&#8243; _address=&#8221;0.0.0&#8243; custom_padding__hover=&#8221;|||&#8221;][et_pb_text _builder_version=&#8221;3.27.4&#8243; text_font=&#8221;Open Sans||||||||&#8221; text_text_color=&#8221;#ffffff&#8221; text_font_size=&#8221;16px&#8221; text_line_height=&#8221;2em&#8221; header_font=&#8221;Playfair Display SC||||||||&#8221; header_text_color=&#8221;#ffffff&#8221; header_font_size=&#8221;50px&#8221; header_line_height=&#8221;1.5em&#8221; header_6_font=&#8221;||||||||&#8221; text_orientation=&#8221;center&#8221; max_width=&#8221;600px&#8221; max_width_last_edited=&#8221;off|desktop&#8221; module_alignment=&#8221;center&#8221; text_font_size_phone=&#8221;14px&#8221; text_font_size_last_edited=&#8221;on|desktop&#8221; header_font_size_tablet=&#8221;50px&#8221; header_font_size_phone=&#8221;32px&#8221; header_font_size_last_edited=&#8221;on|phone&#8221; _i=&#8221;0&#8243; _address=&#8221;0.0.0.0&#8243;]<\/p>\n<h1>Kontakt<\/h1>\n<p>Zadzwo\u0144, um\u00f3w si\u0119, zajd\u017a do nas.<\/p>\n<p>[\/et_pb_text][\/et_pb_column][\/et_pb_row][\/et_pb_section][et_pb_section fb_built=&#8221;1&#8243; admin_label=&#8221;Contact Info&#8221; module_class=&#8221; et_pb_specialty_fullwidth&#8221; _builder_version=&#8221;3.22&#8243; background_color=&#8221;#f2f4f3&#8243; max_width=&#8221;1280px&#8221; module_alignment=&#8221;center&#8221; inner_width_tablet=&#8221;80%&#8221; inner_width_last_edited=&#8221;on|desktop&#8221; inner_max_width_tablet=&#8221;80%&#8221; inner_max_width_last_edited=&#8221;on|desktop&#8221; custom_margin=&#8221;-80px|10%||10%||true&#8221; custom_padding=&#8221;|||&#8221; animation_style=&#8221;zoom&#8221; animation_intensity_zoom=&#8221;5%&#8221; border_width_all=&#8221;20px&#8221; border_color_all=&#8221;#ffffff&#8221; box_shadow_style=&#8221;preset3&#8243; box_shadow_vertical=&#8221;70px&#8221; box_shadow_blur=&#8221;150px&#8221; box_shadow_color=&#8221;rgba(0,0,0,0.2)&#8221; make_fullwidth=&#8221;on&#8221; locked=&#8221;off&#8221; fb_built=&#8221;1&#8243; _i=&#8221;1&#8243; _address=&#8221;1&#8243;][et_pb_row column_structure=&#8221;1_4,1_4,1_4,1_4&#8243; use_custom_gutter=&#8221;on&#8221; gutter_width=&#8221;2&#8243; _builder_version=&#8221;3.25&#8243; width=&#8221;90%&#8221; max_width=&#8221;90%&#8221; use_custom_width=&#8221;on&#8221; width_unit=&#8221;off&#8221; custom_width_percent=&#8221;90%&#8221; locked=&#8221;off&#8221; _i=&#8221;0&#8243; _address=&#8221;1.0&#8243;][et_pb_column type=&#8221;1_4&#8243; _builder_version=&#8221;3.25&#8243; custom_padding=&#8221;|||&#8221; _i=&#8221;0&#8243; _address=&#8221;1.0.0&#8243; custom_padding__hover=&#8221;|||&#8221;][et_pb_blurb title=&#8221;Zadzwo\u0144&#8221; url=&#8221;tel:0048510638470&#8243; use_icon=&#8221;on&#8221; font_icon=&#8221;%%104%%&#8221; icon_color=&#8221;#757776&#8243; use_circle=&#8221;on&#8221; circle_color=&#8221;#e3e5e4&#8243; use_icon_font_size=&#8221;on&#8221; icon_font_size=&#8221;30px&#8221; _builder_version=&#8221;3.27.4&#8243; header_font=&#8221;Playfair Display SC||||||||&#8221; header_line_height=&#8221;1.5em&#8221; body_font=&#8221;Open Sans|600|||||||&#8221; body_text_color=&#8221;#8d8181&#8243; body_line_height=&#8221;1.8em&#8221; text_orientation=&#8221;center&#8221; animation=&#8221;off&#8221; locked=&#8221;off&#8221; _i=&#8221;0&#8243; _address=&#8221;1.0.0.0&#8243;]<\/p>\n<p>510-638-470<\/p>\n<p>[\/et_pb_blurb][\/et_pb_column][et_pb_column type=&#8221;1_4&#8243; _builder_version=&#8221;3.25&#8243; custom_padding=&#8221;|||&#8221; _i=&#8221;1&#8243; _address=&#8221;1.0.1&#8243; custom_padding__hover=&#8221;|||&#8221;][et_pb_blurb title=&#8221;Email&#8221; url=&#8221;mailto:info@gabinetkosmetycznyasia.kostrzyn.pl&#8221; use_icon=&#8221;on&#8221; font_icon=&#8221;%%109%%&#8221; icon_color=&#8221;#757776&#8243; use_circle=&#8221;on&#8221; circle_color=&#8221;#e3e5e4&#8243; use_icon_font_size=&#8221;on&#8221; icon_font_size=&#8221;30px&#8221; _builder_version=&#8221;3.29.3&#8243; header_font=&#8221;Playfair Display SC||||||||&#8221; header_line_height=&#8221;1.5em&#8221; body_font=&#8221;Open Sans|600|||||||&#8221; body_text_color=&#8221;#8d8181&#8243; body_line_height=&#8221;1.8em&#8221; text_orientation=&#8221;center&#8221; animation=&#8221;off&#8221; locked=&#8221;off&#8221; _i=&#8221;0&#8243; _address=&#8221;1.0.1.0&#8243;]<\/p>\n<p>info@gabinetkosmetycznyasia.kostrzyn.pl<\/p>\n<p>[\/et_pb_blurb][\/et_pb_column][et_pb_column type=&#8221;1_4&#8243; _builder_version=&#8221;3.25&#8243; custom_padding=&#8221;|||&#8221; _i=&#8221;2&#8243; _address=&#8221;1.0.2&#8243; custom_padding__hover=&#8221;|||&#8221;][et_pb_blurb title=&#8221;Salon&#8221; use_icon=&#8221;on&#8221; font_icon=&#8221;%%122%%&#8221; icon_color=&#8221;#757776&#8243; use_circle=&#8221;on&#8221; circle_color=&#8221;#e3e5e4&#8243; use_icon_font_size=&#8221;on&#8221; icon_font_size=&#8221;30px&#8221; _builder_version=&#8221;3.11&#8243; header_font=&#8221;Playfair Display SC||||||||&#8221; header_line_height=&#8221;1.5em&#8221; body_font=&#8221;Open Sans|600|||||||&#8221; body_text_color=&#8221;#8d8181&#8243; body_line_height=&#8221;1.8em&#8221; text_orientation=&#8221;center&#8221; animation=&#8221;off&#8221; locked=&#8221;off&#8221; _i=&#8221;0&#8243; _address=&#8221;1.0.2.0&#8243;]<\/p>\n<p>66-470 Kostrzyn nad Odr\u0105,<\/p>\n<p><span>Jana Paw\u0142a II 62b<\/span><\/p>\n<p>&nbsp;<\/p>\n<p>[\/et_pb_blurb][\/et_pb_column][et_pb_column type=&#8221;1_4&#8243; _builder_version=&#8221;3.25&#8243; custom_padding=&#8221;|||&#8221; _i=&#8221;3&#8243; _address=&#8221;1.0.3&#8243; custom_padding__hover=&#8221;|||&#8221;][et_pb_blurb title=&#8221;Godziny otwarcia&#8221; use_icon=&#8221;on&#8221; font_icon=&#8221;%%102%%&#8221; icon_color=&#8221;#757776&#8243; use_circle=&#8221;on&#8221; circle_color=&#8221;#e3e5e4&#8243; use_icon_font_size=&#8221;on&#8221; icon_font_size=&#8221;30px&#8221; _builder_version=&#8221;3.12.2&#8243; header_font=&#8221;Playfair Display SC||||||||&#8221; header_line_height=&#8221;1.5em&#8221; body_font=&#8221;Open Sans|600|||||||&#8221; body_text_color=&#8221;#8d8181&#8243; body_line_height=&#8221;1.8em&#8221; text_orientation=&#8221;center&#8221; animation=&#8221;off&#8221; locked=&#8221;off&#8221; _i=&#8221;0&#8243; _address=&#8221;1.0.3.0&#8243;]<\/p>\n<p>P-Pt: 10-18<br \/> Sob: 9-15<\/p>\n<p>[\/et_pb_blurb][\/et_pb_column][\/et_pb_row][\/et_pb_section][et_pb_section fb_built=&#8221;1&#8243; admin_label=&#8221;Email and FAQ&#8221; _builder_version=&#8221;3.22&#8243; custom_padding=&#8221;0|0px|54px|0px|false|false&#8221; fb_built=&#8221;1&#8243; _i=&#8221;2&#8243; _address=&#8221;2&#8243;][et_pb_row _builder_version=&#8221;3.25&#8243; custom_padding=&#8221;0|0px|27px|0px|false|false&#8221; _i=&#8221;0&#8243; _address=&#8221;2.0&#8243;][et_pb_column type=&#8221;4_4&#8243; _builder_version=&#8221;3.25&#8243; custom_padding=&#8221;|||&#8221; _i=&#8221;0&#8243; _address=&#8221;2.0.0&#8243; custom_padding__hover=&#8221;|||&#8221;][et_pb_map address=&#8221;San Francisco, CA, USA&#8221; zoom_level=&#8221;15&#8243; address_lat=&#8221;37.7749295&#8243; address_lng=&#8221;-122.4194155&#8243; mouse_wheel=&#8221;off&#8221; mobile_dragging=&#8221;off&#8221; _builder_version=&#8221;3.12.2&#8243; filter_saturate=&#8221;0%&#8221; _i=&#8221;0&#8243; _address=&#8221;2.0.0.0&#8243;][et_pb_map_pin pin_address=&#8221;San Francisco, CA, USA&#8221; pin_address_lat=&#8221;37.7749295&#8243; pin_address_lng=&#8221;-122.4194155&#8243; _builder_version=&#8221;3.12.2&#8243; _i=&#8221;0&#8243; _address=&#8221;2.0.0.0.0&#8243;][\/et_pb_map_pin][\/et_pb_map][\/et_pb_column][\/et_pb_row][et_pb_row column_structure=&#8221;2_3,1_3&#8243; _builder_version=&#8221;3.25&#8243; _i=&#8221;1&#8243; _address=&#8221;2.1&#8243;][et_pb_column type=&#8221;2_3&#8243; _builder_version=&#8221;3.25&#8243; custom_padding=&#8221;|||&#8221; _i=&#8221;0&#8243; _address=&#8221;2.1.0&#8243; custom_padding__hover=&#8221;|||&#8221;][et_pb_text _builder_version=&#8221;3.27.4&#8243; text_font=&#8221;Open Sans||||||||&#8221; text_line_height=&#8221;2em&#8221; header_font=&#8221;||||||||&#8221; header_2_font=&#8221;Playfair Display SC||||||||&#8221; header_2_font_size=&#8221;45px&#8221; header_2_line_height=&#8221;1.3em&#8221; header_6_font=&#8221;||||||||&#8221; max_width_last_edited=&#8221;off|desktop&#8221; module_alignment=&#8221;center&#8221; header_2_font_size_tablet=&#8221;40px&#8221; header_2_font_size_phone=&#8221;28px&#8221; header_2_font_size_last_edited=&#8221;on|phone&#8221; locked=&#8221;off&#8221; _i=&#8221;0&#8243; _address=&#8221;2.1.0.0&#8243;]<\/p>\n<h2>Um\u00f3w si\u0119 na spotkanie<\/h2>\n<p>Zarezerwuj u nas wizyt\u0119.<\/p>\n<p>[\/et_pb_text][\/et_pb_column][et_pb_column type=&#8221;1_3&#8243; _builder_version=&#8221;3.25&#8243; custom_padding=&#8221;|||&#8221; _i=&#8221;1&#8243; _address=&#8221;2.1.1&#8243; custom_padding__hover=&#8221;|||&#8221;][\/et_pb_column][\/et_pb_row][et_pb_row column_structure=&#8221;1_2,1_2&#8243; _builder_version=&#8221;3.25&#8243; _i=&#8221;2&#8243; _address=&#8221;2.2&#8243;][et_pb_column type=&#8221;1_2&#8243; _builder_version=&#8221;3.25&#8243; custom_padding=&#8221;|||&#8221; _i=&#8221;0&#8243; _address=&#8221;2.2.0&#8243; custom_padding__hover=&#8221;|||&#8221;][et_pb_text _builder_version=&#8221;3.29.3&#8243; link_option_url=&#8221;mailto:info@gabinetkosmetycznyasia.kostrzyn.pl&#8221; _i=&#8221;0&#8243; _address=&#8221;2.2.0.0&#8243;]<\/p>\n<p>Napisz wiadomo\u015b\u0107 lub zadzwo\u0144.<\/p>\n<h3><\/h3>\n<h3>info@gabinetkosmetycznyasia.kostrzyn.pl<\/h3>\n<p>[\/et_pb_text][\/et_pb_column][et_pb_column type=&#8221;1_2&#8243; _builder_version=&#8221;3.25&#8243; custom_padding=&#8221;|||&#8221; _i=&#8221;1&#8243; _address=&#8221;2.2.1&#8243; custom_padding__hover=&#8221;|||&#8221;][et_pb_toggle title=&#8221;Warunki odwo\u0142ania wizyty&#8221; open_toggle_background_color=&#8221;#ffffff&#8221; closed_toggle_background_color=&#8221;#ffffff&#8221; _builder_version=&#8221;3.19.5&#8243; custom_margin=&#8221;||20px|&#8221; animation_style=&#8221;zoom&#8221; animation_intensity_zoom=&#8221;5%&#8221; border_width_all=&#8221;0px&#8221; box_shadow_style=&#8221;preset3&#8243; box_shadow_vertical=&#8221;10px&#8221; box_shadow_blur=&#8221;90px&#8221; box_shadow_color=&#8221;rgba(0,0,0,0.2)&#8221; _i=&#8221;0&#8243; _address=&#8221;2.2.1.0&#8243;]<\/p>\n<p>Nie wymagamy wiele, najwa\u017cniejsze s\u0105 dobre ch\u0119ci. Je\u015bli z jakiego kolwiek powodu nie jeste\u015b zmuszony\/zmuszona odwo\u0142a\u0107 wizyt\u0119, zadzwo\u0144 do nas. Im szybciej zadzwonisz, tym lepiej dla nas wszystkich.<\/p>\n<p>[\/et_pb_toggle][et_pb_toggle title=&#8221;P\u0142atno\u015bci&#8221; open_toggle_background_color=&#8221;#ffffff&#8221; closed_toggle_background_color=&#8221;#ffffff&#8221; _builder_version=&#8221;3.19.5&#8243; animation_style=&#8221;zoom&#8221; animation_intensity_zoom=&#8221;5%&#8221; border_width_all=&#8221;0px&#8221; box_shadow_style=&#8221;preset3&#8243; box_shadow_vertical=&#8221;10px&#8221; box_shadow_blur=&#8221;90px&#8221; box_shadow_color=&#8221;rgba(0,0,0,0.2)&#8221; _i=&#8221;1&#8243; _address=&#8221;2.2.1.1&#8243;]<\/p>\n<p>Wszystkie p\u0142atno\u015bci realizujemy u nas w salonie. Mo\u017cesz p\u0142aci\u0107 u nas kart\u0105.<\/p>\n<p>[\/et_pb_toggle][\/et_pb_column][\/et_pb_row][\/et_pb_section][et_pb_section fb_built=&#8221;1&#8243; admin_label=&#8221;Newsletter&#8221; _builder_version=&#8221;3.22&#8243; background_color_gradient_direction=&#8221;90deg&#8221; custom_margin=&#8221;60px|||&#8221; custom_margin_tablet=&#8221;0px|||&#8221; custom_margin_last_edited=&#8221;on|tablet&#8221; custom_padding=&#8221;0px|0px|0|0px|false|false&#8221; box_shadow_style=&#8221;preset7&#8243; box_shadow_horizontal=&#8221;1240px&#8221; box_shadow_vertical=&#8221;0px&#8221; box_shadow_color=&#8221;#e4edea&#8221; fb_built=&#8221;1&#8243; _i=&#8221;3&#8243; _address=&#8221;3&#8243;][et_pb_row column_structure=&#8221;1_2,1_2&#8243; _builder_version=&#8221;3.25&#8243; custom_padding=&#8221;53px|0px|27px|0px|false|false&#8221; _i=&#8221;0&#8243; _address=&#8221;3.0&#8243;][et_pb_column type=&#8221;1_2&#8243; _builder_version=&#8221;3.25&#8243; custom_padding=&#8221;|||&#8221; custom_padding_tablet=&#8221;|40px||&#8221; custom_padding_phone=&#8221;|||&#8221; custom_padding_last_edited=&#8221;on|desktop&#8221; _i=&#8221;0&#8243; _address=&#8221;3.0.0&#8243; custom_padding__hover=&#8221;|||&#8221;][et_pb_text _builder_version=&#8221;3.27.4&#8243; header_font=&#8221;Playfair Display SC||||||||&#8221; header_font_size=&#8221;45px&#8221; header_2_font=&#8221;Playfair Display SC||||||||&#8221; header_3_font=&#8221;||||||||&#8221; _i=&#8221;0&#8243; _address=&#8221;3.0.0.0&#8243;]<\/p>\n<h1>Zadzwo\u0144<\/h1>\n<p>Najszybszy i naj\u0142atwiejszy spos\u00f3b, aby si\u0119 z nami skontaktowa\u0107.<\/p>\n<h2><\/h2>\n<h1><a href=\"tel:0048510638470\"><strong>510-638-470<\/strong><\/a><\/h1>\n<p>[\/et_pb_text][\/et_pb_column][et_pb_column type=&#8221;1_2&#8243; _builder_version=&#8221;3.25&#8243; custom_padding=&#8221;|||&#8221; _i=&#8221;1&#8243; _address=&#8221;3.0.1&#8243; custom_padding__hover=&#8221;|||&#8221;][et_pb_image src=&#8221;https:\/\/www.gabinetkosmetycznyasia.kostrzyn.pl\/wp-content\/uploads\/2019\/09\/70244516_494330108055453_1687537910963765248_n.jpg&#8221; align_tablet=&#8221;center&#8221; align_last_edited=&#8221;on|desktop&#8221; _builder_version=&#8221;3.27.4&#8243; custom_margin=&#8221;-130px|-20%||&#8221; custom_margin_tablet=&#8221;0px|30%||&#8221; custom_margin_last_edited=&#8221;on|phone&#8221; _i=&#8221;0&#8243; _address=&#8221;3.0.1.0&#8243;][\/et_pb_image][\/et_pb_column][\/et_pb_row][\/et_pb_section][et_pb_section fb_built=&#8221;1&#8243; admin_label=&#8221;Footer&#8221; _builder_version=&#8221;3.22&#8243; background_color=&#8221;#1f1f1f&#8221; saved_tabs=&#8221;all&#8221; fb_built=&#8221;1&#8243; _i=&#8221;4&#8243; _address=&#8221;4&#8243;][et_pb_row column_structure=&#8221;1_4,1_4,1_2&#8243; _builder_version=&#8221;3.25&#8243; _i=&#8221;0&#8243; _address=&#8221;4.0&#8243;][et_pb_column type=&#8221;1_4&#8243; _builder_version=&#8221;3.25&#8243; custom_padding=&#8221;|||&#8221; _i=&#8221;0&#8243; _address=&#8221;4.0.0&#8243; custom_padding__hover=&#8221;|||&#8221;][et_pb_text _builder_version=&#8221;3.27.4&#8243; text_font=&#8221;||||||||&#8221; link_font=&#8221;Open Sans|600|||||||&#8221; link_text_color=&#8221;#8d8181&#8243; link_font_size=&#8221;16px&#8221; link_line_height=&#8221;2em&#8221; header_font=&#8221;||||||||&#8221; header_2_font=&#8221;||||||||&#8221; header_3_font=&#8221;||||||||&#8221; header_4_font=&#8221;Playfair Display SC||||||||&#8221; header_4_font_size=&#8221;20px&#8221; header_4_line_height=&#8221;1.5em&#8221; background_layout=&#8221;dark&#8221; custom_margin=&#8221;|||&#8221; _i=&#8221;0&#8243; _address=&#8221;4.0.0.0&#8243;]<\/p>\n<h4>Pozosta\u0144my w kontakcie<\/h4>\n<p><a href=\"tel:0048510638470\">510-638-470<br \/> <\/a><a href=\"mailto:info@gabinetkosmetycznyasia.kostrzyn.pl\">info@gabinetkosmetycznyasia.kostrzyn.pl<\/a><\/p>\n<p>[\/et_pb_text][\/et_pb_column][et_pb_column type=&#8221;1_4&#8243; _builder_version=&#8221;3.25&#8243; custom_padding=&#8221;|||&#8221; _i=&#8221;1&#8243; _address=&#8221;4.0.1&#8243; custom_padding__hover=&#8221;|||&#8221;][et_pb_text _builder_version=&#8221;3.29.3&#8243; text_font=&#8221;||||||||&#8221; link_font=&#8221;Open Sans|600|||||||&#8221; link_text_color=&#8221;#8d8181&#8243; link_font_size=&#8221;16px&#8221; link_line_height=&#8221;2em&#8221; header_font=&#8221;||||||||&#8221; header_2_font=&#8221;||||||||&#8221; header_3_font=&#8221;||||||||&#8221; header_4_font=&#8221;Playfair Display SC||||||||&#8221; header_4_font_size=&#8221;20px&#8221; header_4_line_height=&#8221;1.5em&#8221; background_layout=&#8221;dark&#8221; custom_margin=&#8221;|||&#8221; hover_enabled=&#8221;0&#8243; _i=&#8221;0&#8243; _address=&#8221;4.0.1.0&#8243;]<\/p>\n<h4>Zajd\u017a do nas<\/h4>\n<p>Jana Paw\u0142a II 62b<br \/>Kostrzyn nad Odr\u0105 66-470<\/p>\n<p>[\/et_pb_text][\/et_pb_column][et_pb_column type=&#8221;1_2&#8243; _builder_version=&#8221;3.25&#8243; custom_padding=&#8221;|||&#8221; _i=&#8221;2&#8243; _address=&#8221;4.0.2&#8243; custom_padding__hover=&#8221;|||&#8221;][et_pb_text _builder_version=&#8221;3.29.3&#8243; text_font=&#8221;||||||||&#8221; link_font=&#8221;Open Sans|600|||||||&#8221; link_text_color=&#8221;#8d8181&#8243; link_font_size=&#8221;16px&#8221; link_line_height=&#8221;2em&#8221; header_font=&#8221;||||||||&#8221; header_2_font=&#8221;||||||||&#8221; header_3_font=&#8221;||||||||&#8221; header_4_font=&#8221;Playfair Display SC||||||||&#8221; header_4_font_size=&#8221;20px&#8221; header_4_line_height=&#8221;1.5em&#8221; background_layout=&#8221;dark&#8221; custom_margin=&#8221;|||&#8221; link_option_url=&#8221;mailto:info@gabinetkosmetycznyasia.kostrzyn.pl&#8221; _i=&#8221;0&#8243; _address=&#8221;4.0.2.0&#8243;]<\/p>\n<h4>Wy\u015blij wiadomo\u015b\u0107 email<\/h4>\n<p>info@gabinetkosmetycznyasia.kostrzyn.pl<\/p>\n<p>[\/et_pb_text][\/et_pb_column][\/et_pb_row][\/et_pb_section]<\/p>\n","protected":false},"excerpt":{"rendered":"<p>Kontakt Zadzwo\u0144, um\u00f3w si\u0119, zajd\u017a do nas.510-638-470info@gabinetkosmetycznyasia.kostrzyn.pl66-470 Kostrzyn nad Odr\u0105, Jana Paw\u0142a II 62b &nbsp;P-Pt: 10-18 Sob: 9-15Um\u00f3w si\u0119 na spotkanie Zarezerwuj u nas wizyt\u0119.Napisz wiadomo\u015b\u0107 lub zadzwo\u0144. info@gabinetkosmetycznyasia.kostrzyn.plNie wymagamy wiele, najwa\u017cniejsze s\u0105 dobre ch\u0119ci. Je\u015bli z jakiego kolwiek powodu nie jeste\u015b zmuszony\/zmuszona odwo\u0142a\u0107 wizyt\u0119, zadzwo\u0144 do nas. Im szybciej zadzwonisz, tym lepiej dla nas [&hellip;]<\/p>\n","protected":false},"author":1,"featured_media":0,"parent":0,"menu_order":0,"comment_status":"closed","ping_status":"closed","template":"","meta":{"_et_pb_use_builder":"on","_et_pb_old_content":"","_et_gb_content_width":"","footnotes":""},"class_list":["post-101","page","type-page","status-publish","hentry"],"_links":{"self":[{"href":"https:\/\/www.gabinetkosmetycznyasia.kostrzyn.pl\/index.php?rest_route=\/wp\/v2\/pages\/101","targetHints":{"allow":["GET"]}}],"collection":[{"href":"https:\/\/www.gabinetkosmetycznyasia.kostrzyn.pl\/index.php?rest_route=\/wp\/v2\/pages"}],"about":[{"href":"https:\/\/www.gabinetkosmetycznyasia.kostrzyn.pl\/index.php?rest_route=\/wp\/v2\/types\/page"}],"author":[{"embeddable":true,"href":"https:\/\/www.gabinetkosmetycznyasia.kostrzyn.pl\/index.php?rest_route=\/wp\/v2\/users\/1"}],"replies":[{"embeddable":true,"href":"https:\/\/www.gabinetkosmetycznyasia.kostrzyn.pl\/index.php?rest_route=%2Fwp%2Fv2%2Fcomments&post=101"}],"version-history":[{"count":17,"href":"https:\/\/www.gabinetkosmetycznyasia.kostrzyn.pl\/index.php?rest_route=\/wp\/v2\/pages\/101\/revisions"}],"predecessor-version":[{"id":463,"href":"https:\/\/www.gabinetkosmetycznyasia.kostrzyn.pl\/index.php?rest_route=\/wp\/v2\/pages\/101\/revisions\/463"}],"wp:attachment":[{"href":"https:\/\/www.gabinetkosmetycznyasia.kostrzyn.pl\/index.php?rest_route=%2Fwp%2Fv2%2Fmedia&parent=101"}],"curies":[{"name":"wp","href":"https:\/\/api.w.org\/{rel}","templated":true}]}}